{"id":2,"date":"2010-11-16T09:28:16","date_gmt":"2010-11-16T08:28:16","guid":{"rendered":"http:\/\/dominacuerpoymente.com\/blog\/?page_id=2"},"modified":"2012-04-18T14:47:30","modified_gmt":"2012-04-18T12:47:30","slug":"sobre-mi","status":"publish","type":"page","link":"https:\/\/dominacuerpoymente.com\/blog\/sobre-mi\/","title":{"rendered":"Sobre mi"},"content":{"rendered":"<p>Un cordial saludo,<\/p>\n<p style=\"text-align: justify;\">Mi nombre es Jos\u00e9 Boral, casado y padre de dos hijos. Durante a\u00f1os he sido un apasionado del autoconocimiento y la consciencia humana, hecho que me ha llevado a profundizar en distintos conocimientos tanto cient\u00edficos como de sabidur\u00eda ancestral y que me han permitido conocer y trabajar con maestros, psic\u00f3logos, terapeutas&#8230;.. Personas que han enriquecido mi vida y de las cuales he aprendido muchas cosas que no se aprenden en las universidades.<\/p>\n<p style=\"text-align: justify;\">He sido facilitador en grupos de autoconocimiento, terapia de regresi\u00f3n y tratamientos con Reiki.<br \/>\nMe dedico actualmente a ser facilitador de EFT (T\u00e9cnicas de Liberaci\u00f3n Emocional), entrenamiento en Coherencia Cardiaca por Biofeedback y al estudio y desarrollo de m\u00e9todos que faciliten la comunicaci\u00f3n con el Inconsciente.<br \/>\nEstoy convencido que todos podemos desarrollar nuestro potencial para vivir felices y conscientes en nuestras vidas, y que para eso necesitamos tomar acci\u00f3n en nuestra superaci\u00f3n personal.<\/p>\n<p style=\"text-align: justify;\">Con mucha ilusi\u00f3n deseo compartir en este sitio informaci\u00f3n y experiencias que espero sean de utilidad para hacer un camino m\u00e1s feliz y poderoso.<\/p>\n<p style=\"text-align: justify;\">Os agradecer\u00eda que dej\u00e9is comentarios en los art\u00edculos y as\u00ed poder mejorar este sitio con vuestras aportaciones, dudas, que temas os gustar\u00eda tratar, esto nos enriquece a todos y puede servir de ayuda a otras personas que lo necesiten.<\/p>\n<p style=\"text-align: justify;\">Gracias.<\/p>\n","protected":false},"excerpt":{"rendered":"<p>Un cordial saludo, Mi nombre es Jos\u00e9 Boral, casado y padre de dos hijos. Durante a\u00f1os he sido un apasionado del autoconocimiento y la consciencia humana, hecho que me ha llevado a profundizar en distintos conocimientos tanto cient\u00edficos como de sabidur\u00eda ancestral y que me han permitido conocer y trabajar con maestros, psic\u00f3logos, terapeutas&#8230;.. Personas [&hellip;]<\/p>\n","protected":false},"author":2,"featured_media":0,"parent":0,"menu_order":2,"comment_status":"open","ping_status":"closed","template":"","meta":{"_monsterinsights_skip_tracking":false,"_monsterinsights_sitenote_active":false,"_monsterinsights_sitenote_note":"","_monsterinsights_sitenote_category":0,"footnotes":""},"class_list":["post-2","page","type-page","status-publish","hentry"],"aioseo_notices":[],"_links":{"self":[{"href":"https:\/\/dominacuerpoymente.com\/blog\/wp-json\/wp\/v2\/pages\/2","targetHints":{"allow":["GET"]}}],"collection":[{"href":"https:\/\/dominacuerpoymente.com\/blog\/wp-json\/wp\/v2\/pages"}],"about":[{"href":"https:\/\/dominacuerpoymente.com\/blog\/wp-json\/wp\/v2\/types\/page"}],"author":[{"embeddable":true,"href":"https:\/\/dominacuerpoymente.com\/blog\/wp-json\/wp\/v2\/users\/2"}],"replies":[{"embeddable":true,"href":"https:\/\/dominacuerpoymente.com\/blog\/wp-json\/wp\/v2\/comments?post=2"}],"version-history":[{"count":5,"href":"https:\/\/dominacuerpoymente.com\/blog\/wp-json\/wp\/v2\/pages\/2\/revisions"}],"predecessor-version":[{"id":69,"href":"https:\/\/dominacuerpoymente.com\/blog\/wp-json\/wp\/v2\/pages\/2\/revisions\/69"}],"wp:attachment":[{"href":"https:\/\/dominacuerpoymente.com\/blog\/wp-json\/wp\/v2\/media?parent=2"}],"curies":[{"name":"wp","href":"https:\/\/api.w.org\/{rel}","templated":true}]}}