{"id":5,"date":"2010-11-16T15:30:08","date_gmt":"2010-11-16T14:30:08","guid":{"rendered":"http:\/\/dominacuerpoymente.com\/blog\/?page_id=5"},"modified":"2024-05-16T23:15:20","modified_gmt":"2024-05-16T21:15:20","slug":"recomendados","status":"publish","type":"page","link":"https:\/\/dominacuerpoymente.com\/blog\/recomendados\/","title":{"rendered":"Recomendados"},"content":{"rendered":"<div id=\"_mcePaste\" style=\"text-align: justify;\"><span style=\"color: #333333;\">\u00a1Gracias por Visitar este sitio web!.<\/span><\/div>\n<div style=\"text-align: justify;\"><span style=\"color: #333333;\"><br \/>\n<\/span><\/div>\n<div id=\"_mcePaste\" style=\"text-align: justify;\"><span style=\"color: #333333;\">En esta secci\u00f3n me gustar\u00eda recomendarte recursos que personalmente he testado y comprobado en su efectividad.<\/span><\/div>\n<div id=\"_mcePaste\" style=\"text-align: justify;\"><span style=\"color: #333333;\">En la actualidad, existen sistemas que pueden ayudarte mucho para conseguir relajaci\u00f3n, estados de meditaci\u00f3n, altos niveles de enfoque y creatividad, superaci\u00f3n personal y otros estados mentales y an\u00edmicos que resultan m\u00e1s dif\u00edciles de conseguir sin ellos.<\/span><\/div>\n<div style=\"text-align: justify;\"><span style=\"color: #333333;\"><br \/>\n<\/span><\/div>\n<div id=\"_mcePaste\" style=\"text-align: justify;\"><span style=\"color: #333333;\">Estos recursos te servir\u00e1n para potenciar las capacidades de tu sistema \u00abcuerpo-mente\u00bb y para reducir los obst\u00e1culos a tus necesidades.<\/span><\/div>\n<div style=\"text-align: justify;\"><span style=\"color: #333333;\"><br \/>\n<\/span><\/div>\n<div id=\"_mcePaste\" style=\"text-align: justify;\"><span style=\"color: #333333;\">Cu\u00e9ntame tus frustraciones, qu\u00e9 problemas has tenido a la hora de intentar relajarte, dormir, motivarte, superarte a ti mismo, etc, \u00a0con qu\u00e9 \u00a0dificultades te encuentras&#8230;<\/span><\/div>\n<div style=\"text-align: justify;\"><span style=\"color: #333333;\"><br \/>\n<\/span><\/div>\n<div id=\"_mcePaste\" style=\"text-align: justify;\"><span style=\"color: #333333;\">Esta informaci\u00f3n \u00a0es muy valiosa para poder recomendarte recursos a tu medida, y que en mi experiencia personal y terap\u00e9utica, puedan ayudarte a conseguir lo que deseas.<\/span><\/div>\n<div style=\"text-align: justify;\"><span style=\"color: #333333;\"><br \/>\n<\/span><\/div>\n<div id=\"_mcePaste\" style=\"text-align: justify;\"><span style=\"color: #333333;\">Muchas Gracias, puedes dejar tus comentarios haciendo clic en el \u00a0enlace \u00a0 \u201cDejar un comentario\u201d Lo leeremos!<\/span><\/div>\n<div style=\"text-align: justify;\"><span style=\"color: #333333;\"><br \/>\n<\/span><\/div>\n<div><span style=\"color: #333333;\"><br \/>\n<\/span><\/div>\n<div><span style=\"font-size: large;\"><span style=\"color: #dd1d03;\"><strong>RECOMENDADO:<\/strong><\/span><\/span><\/div>\n<p>&nbsp;&nbsp;<\/p>\n<h1 style=\"text-align: center;\"><strong><a href=\"https:\/\/go.hotmart.com\/V93132388M\" target=\"_blank\"><span style=\"color: #993366; text-decoration: underline;\">SISTEMA YOGA RESTAURATIVO<\/span><\/a>\u00a0<\/strong><\/h1>\n<p>&nbsp;<\/p>\n<p><span style=\"font-size: 18px;\">Con esta t\u00e9cnica asi\u00e1tica solo necesitas 5 minutos para relajarte profundamente y aliviar los dolores corporales&#8230;.<\/span><\/p>\n<p>&nbsp;<\/p>\n<p><a href=\"https:\/\/go.hotmart.com\/V93132388M\" target=\"_blank\"><img decoding=\"async\" src=\"http:\/\/dominacuerpoymente.com\/blog\/wp-content\/uploads\/2024\/05\/Sistema-Yoga-e1715890963323.png\" \/><\/a><\/p>\n<p>&nbsp;<\/p>\n<h1 style=\"text-align: center;\"><strong><a href=\"https:\/\/go.hotmart.com\/V93132388M\" target=\"_blank\"><span style=\"color: #cf7221; text-decoration: underline;\">\u00a1INF\u00d3RMATE AQU\u00cd AHORA!<\/span><\/a>\u00a0<\/strong><\/h1>\n<p>&nbsp;&nbsp;<\/p>\n","protected":false},"excerpt":{"rendered":"<p>\u00a1Gracias por Visitar este sitio web!. En esta secci\u00f3n me gustar\u00eda recomendarte recursos que personalmente he testado y comprobado en su efectividad. En la actualidad, existen sistemas que pueden ayudarte mucho para conseguir relajaci\u00f3n, estados de meditaci\u00f3n, altos niveles de enfoque y creatividad, superaci\u00f3n personal y otros estados mentales y an\u00edmicos que resultan m\u00e1s dif\u00edciles [&hellip;]<\/p>\n","protected":false},"author":2,"featured_media":0,"parent":0,"menu_order":3,"comment_status":"open","ping_status":"closed","template":"","meta":{"_monsterinsights_skip_tracking":false,"_monsterinsights_sitenote_active":false,"_monsterinsights_sitenote_note":"","_monsterinsights_sitenote_category":0,"footnotes":""},"class_list":["post-5","page","type-page","status-publish","hentry"],"aioseo_notices":[],"_links":{"self":[{"href":"https:\/\/dominacuerpoymente.com\/blog\/wp-json\/wp\/v2\/pages\/5","targetHints":{"allow":["GET"]}}],"collection":[{"href":"https:\/\/dominacuerpoymente.com\/blog\/wp-json\/wp\/v2\/pages"}],"about":[{"href":"https:\/\/dominacuerpoymente.com\/blog\/wp-json\/wp\/v2\/types\/page"}],"author":[{"embeddable":true,"href":"https:\/\/dominacuerpoymente.com\/blog\/wp-json\/wp\/v2\/users\/2"}],"replies":[{"embeddable":true,"href":"https:\/\/dominacuerpoymente.com\/blog\/wp-json\/wp\/v2\/comments?post=5"}],"version-history":[{"count":2,"href":"https:\/\/dominacuerpoymente.com\/blog\/wp-json\/wp\/v2\/pages\/5\/revisions"}],"predecessor-version":[{"id":457,"href":"https:\/\/dominacuerpoymente.com\/blog\/wp-json\/wp\/v2\/pages\/5\/revisions\/457"}],"wp:attachment":[{"href":"https:\/\/dominacuerpoymente.com\/blog\/wp-json\/wp\/v2\/media?parent=5"}],"curies":[{"name":"wp","href":"https:\/\/api.w.org\/{rel}","templated":true}]}}